{"id":132,"date":"2023-12-03T16:11:09","date_gmt":"2023-12-03T16:11:09","guid":{"rendered":"https:\/\/mh-systemtechnik.com\/new\/?page_id=132"},"modified":"2026-02-24T09:44:47","modified_gmt":"2026-02-24T09:44:47","slug":"tv-sat","status":"publish","type":"page","link":"https:\/\/mh-systemtechnik.com\/index.php\/tv-sat\/","title":{"rendered":"TV-Sat"},"content":{"rendered":"\t\t<div data-elementor-type=\"wp-page\" data-elementor-id=\"132\" class=\"elementor elementor-132\" data-elementor-post-type=\"page\">\n\t\t\t\t\t\t<section class=\"elementor-section elementor-top-section elementor-element elementor-element-95c401e elementor-section-boxed elementor-section-height-default elementor-section-height-default\" data-id=\"95c401e\" data-element_type=\"section\" data-e-type=\"section\" data-settings=\"{&quot;background_background&quot;:&quot;classic&quot;}\">\n\t\t\t\t\t\t<div class=\"elementor-container elementor-column-gap-default\">\n\t\t\t\t\t<div class=\"elementor-column elementor-col-100 elementor-top-column elementor-element elementor-element-4754764\" data-id=\"4754764\" data-element_type=\"column\" data-e-type=\"column\">\n\t\t\t<div class=\"elementor-widget-wrap elementor-element-populated\">\n\t\t\t\t\t\t<div class=\"elementor-element elementor-element-a743964 elementor-widget elementor-widget-html\" data-id=\"a743964\" data-element_type=\"widget\" data-e-type=\"widget\" data-widget_type=\"html.default\">\n\t\t\t\t<div class=\"elementor-widget-container\">\n\t\t\t\t\t\t\t\t<!-- Flexy Breadcrumb -->\r\n\t\t\t<div class=\"fbc fbc-page\">\r\n\r\n\t\t\t\t<!-- Breadcrumb wrapper -->\r\n\t\t\t\t<div class=\"fbc-wrap\">\r\n\r\n\t\t\t\t\t<!-- Ordered list-->\r\n\t\t\t\t\t<ol class=\"fbc-items\" itemscope itemtype=\"https:\/\/schema.org\/BreadcrumbList\">\r\n\t\t\t\t\t\t            <li itemprop=\"itemListElement\" itemscope itemtype=\"https:\/\/schema.org\/ListItem\">\r\n                <span itemprop=\"name\">\r\n                    <!-- Home Link -->\r\n                    <a itemprop=\"item\" href=\"https:\/\/mh-systemtechnik.com\">\r\n                    \r\n                                                    <i class=\"fa fa-home\" aria-hidden=\"true\"><\/i>Home                    <\/a>\r\n                <\/span>\r\n                <meta itemprop=\"position\" content=\"1\" \/><!-- Meta Position-->\r\n             <\/li><li><span class=\"fbc-separator\">\/<\/span><\/li><li class=\"active\" itemprop=\"itemListElement\" itemscope itemtype=\"https:\/\/schema.org\/ListItem\"><span itemprop=\"name\" title=\"TV-Sat\">TV-Sat<\/span><meta itemprop=\"position\" content=\"2\" \/><\/li>\t\t\t\t\t<\/ol>\r\n\t\t\t\t\t<div class=\"clearfix\"><\/div>\r\n\t\t\t\t<\/div>\r\n\t\t\t<\/div>\r\n\t\t\t\t\t\t\t<\/div>\n\t\t\t\t<\/div>\n\t\t\t\t\t<\/div>\n\t\t<\/div>\n\t\t\t\t\t<\/div>\n\t\t<\/section>\n\t\t\t\t<section class=\"elementor-section elementor-top-section elementor-element elementor-element-ffa8ea4 elementor-section-boxed elementor-section-height-default elementor-section-height-default\" data-id=\"ffa8ea4\" data-element_type=\"section\" data-e-type=\"section\">\n\t\t\t\t\t\t<div class=\"elementor-container elementor-column-gap-default\">\n\t\t\t\t\t<div class=\"elementor-column elementor-col-100 elementor-top-column elementor-element elementor-element-363f6c7\" data-id=\"363f6c7\" data-element_type=\"column\" data-e-type=\"column\">\n\t\t\t<div class=\"elementor-widget-wrap elementor-element-populated\">\n\t\t\t\t\t\t<div class=\"elementor-element elementor-element-be590c9 elementor-widget elementor-widget-spacer\" data-id=\"be590c9\" data-element_type=\"widget\" data-e-type=\"widget\" data-widget_type=\"spacer.default\">\n\t\t\t\t<div class=\"elementor-widget-container\">\n\t\t\t\t\t\t\t<div class=\"elementor-spacer\">\n\t\t\t<div class=\"elementor-spacer-inner\"><\/div>\n\t\t<\/div>\n\t\t\t\t\t\t<\/div>\n\t\t\t\t<\/div>\n\t\t\t\t<section class=\"elementor-section elementor-inner-section elementor-element elementor-element-6ebc1ef elementor-section-boxed elementor-section-height-default elementor-section-height-default\" data-id=\"6ebc1ef\" data-element_type=\"section\" data-e-type=\"section\">\n\t\t\t\t\t\t<div class=\"elementor-container elementor-column-gap-default\">\n\t\t\t\t\t<div class=\"elementor-column elementor-col-50 elementor-inner-column elementor-element elementor-element-34e28ca\" data-id=\"34e28ca\" data-element_type=\"column\" data-e-type=\"column\">\n\t\t\t<div class=\"elementor-widget-wrap elementor-element-populated\">\n\t\t\t\t\t\t<div class=\"elementor-element elementor-element-1a04d0b elementor-widget elementor-widget-html\" data-id=\"1a04d0b\" data-element_type=\"widget\" data-e-type=\"widget\" data-widget_type=\"html.default\">\n\t\t\t\t<div class=\"elementor-widget-container\">\n\t\t\t\t\t        <div class=\"border-4\">\n\n    <\/div>  \n    \n    <style>\n        .border-4 {\n        height: 75px;\n        position: absolute;\n        border: 5px solid #1C5484;\n        border-radius: 15px;\n    }\n    \n    <\/style>\t\t\t\t<\/div>\n\t\t\t\t<\/div>\n\t\t\t\t\t<\/div>\n\t\t<\/div>\n\t\t\t\t<div class=\"elementor-column elementor-col-50 elementor-inner-column elementor-element elementor-element-16ac125\" data-id=\"16ac125\" data-element_type=\"column\" data-e-type=\"column\">\n\t\t\t<div class=\"elementor-widget-wrap elementor-element-populated\">\n\t\t\t\t\t\t<div class=\"elementor-element elementor-element-2533fc6 elementor-widget elementor-widget-heading\" data-id=\"2533fc6\" data-element_type=\"widget\" data-e-type=\"widget\" data-widget_type=\"heading.default\">\n\t\t\t\t<div class=\"elementor-widget-container\">\n\t\t\t\t\t<h2 class=\"elementor-heading-title elementor-size-default\">TV-\/ Sat-\/ Telefonanlage<\/h2>\t\t\t\t<\/div>\n\t\t\t\t<\/div>\n\t\t\t\t\t<\/div>\n\t\t<\/div>\n\t\t\t\t\t<\/div>\n\t\t<\/section>\n\t\t\t\t<div class=\"elementor-element elementor-element-804b7e2 elementor-widget elementor-widget-heading\" data-id=\"804b7e2\" data-element_type=\"widget\" data-e-type=\"widget\" data-widget_type=\"heading.default\">\n\t\t\t\t<div class=\"elementor-widget-container\">\n\t\t\t\t\t<h2 class=\"elementor-heading-title elementor-size-default\">Ma\u00dfgeschneiderte L\u00f6sungen<\/h2>\t\t\t\t<\/div>\n\t\t\t\t<\/div>\n\t\t\t\t<div class=\"elementor-element elementor-element-9f81b62 elementor-widget elementor-widget-text-editor\" data-id=\"9f81b62\" data-element_type=\"widget\" data-e-type=\"widget\" data-widget_type=\"text-editor.default\">\n\t\t\t\t<div class=\"elementor-widget-container\">\n\t\t\t\t\t\t\t\t\t<div id=\"cib-chat-main\" class=\"main\"><div class=\"message\"><div class=\"content\" tabindex=\"0\" aria-hidden=\"true\"><div class=\"ac-container ac-adaptiveCard\"><div class=\"ac-textBlock\"><p>M&amp;H Systemtechnik bietet ma\u00dfgeschneiderte L\u00f6sungen f\u00fcr TV-\/SAT-Anlagen und Telefonanlagen.<\/p><\/div><\/div><\/div><\/div><div class=\"hidden\" aria-live=\"polite\" aria-hidden=\"true\"><div>Empfangene Nachricht. Eine m\u00f6gliche Einleitung f\u00fcr diesen Text k\u00f6nnte lauten: &#8222;M&amp;H Systemtechnik bietet ma\u00dfgeschneiderte L\u00f6sungen f\u00fcr TV-\/SAT-Anlagen und Telefonanlagen.<\/div><\/div><\/div>\t\t\t\t\t\t\t\t<\/div>\n\t\t\t\t<\/div>\n\t\t\t\t<div class=\"elementor-element elementor-element-c782a4e elementor-widget elementor-widget-spacer\" data-id=\"c782a4e\" data-element_type=\"widget\" data-e-type=\"widget\" data-widget_type=\"spacer.default\">\n\t\t\t\t<div class=\"elementor-widget-container\">\n\t\t\t\t\t\t\t<div class=\"elementor-spacer\">\n\t\t\t<div class=\"elementor-spacer-inner\"><\/div>\n\t\t<\/div>\n\t\t\t\t\t\t<\/div>\n\t\t\t\t<\/div>\n\t\t\t\t\t<\/div>\n\t\t<\/div>\n\t\t\t\t\t<\/div>\n\t\t<\/section>\n\t\t\t\t<section class=\"elementor-section elementor-top-section elementor-element elementor-element-ebc1dd3 elementor-section-boxed elementor-section-height-default elementor-section-height-default\" data-id=\"ebc1dd3\" data-element_type=\"section\" data-e-type=\"section\" data-settings=\"{&quot;background_background&quot;:&quot;classic&quot;}\">\n\t\t\t\t\t\t<div class=\"elementor-container elementor-column-gap-default\">\n\t\t\t\t\t<div class=\"elementor-column elementor-col-100 elementor-top-column elementor-element elementor-element-7e19710\" data-id=\"7e19710\" data-element_type=\"column\" data-e-type=\"column\">\n\t\t\t<div class=\"elementor-widget-wrap elementor-element-populated\">\n\t\t\t\t\t\t<div class=\"elementor-element elementor-element-aa3a773 elementor-widget elementor-widget-spacer\" data-id=\"aa3a773\" data-element_type=\"widget\" data-e-type=\"widget\" data-widget_type=\"spacer.default\">\n\t\t\t\t<div class=\"elementor-widget-container\">\n\t\t\t\t\t\t\t<div class=\"elementor-spacer\">\n\t\t\t<div class=\"elementor-spacer-inner\"><\/div>\n\t\t<\/div>\n\t\t\t\t\t\t<\/div>\n\t\t\t\t<\/div>\n\t\t\t\t<section class=\"elementor-section elementor-inner-section elementor-element elementor-element-b4774cb elementor-section-boxed elementor-section-height-default elementor-section-height-default\" data-id=\"b4774cb\" data-element_type=\"section\" data-e-type=\"section\">\n\t\t\t\t\t\t<div class=\"elementor-container elementor-column-gap-default\">\n\t\t\t\t\t<div class=\"elementor-column elementor-col-50 elementor-inner-column elementor-element elementor-element-a657fe5\" data-id=\"a657fe5\" data-element_type=\"column\" data-e-type=\"column\">\n\t\t\t<div class=\"elementor-widget-wrap elementor-element-populated\">\n\t\t\t\t\t\t<div class=\"elementor-element elementor-element-e6ff2e8 elementor-widget elementor-widget-heading\" data-id=\"e6ff2e8\" data-element_type=\"widget\" data-e-type=\"widget\" data-widget_type=\"heading.default\">\n\t\t\t\t<div class=\"elementor-widget-container\">\n\t\t\t\t\t<h2 class=\"elementor-heading-title elementor-size-default\">TV-\/SAT-Anlagen<\/h2>\t\t\t\t<\/div>\n\t\t\t\t<\/div>\n\t\t\t\t<div class=\"elementor-element elementor-element-67e546b elementor-widget-divider--view-line elementor-widget elementor-widget-divider\" data-id=\"67e546b\" data-element_type=\"widget\" data-e-type=\"widget\" data-widget_type=\"divider.default\">\n\t\t\t\t<div class=\"elementor-widget-container\">\n\t\t\t\t\t\t\t<div class=\"elementor-divider\">\n\t\t\t<span class=\"elementor-divider-separator\">\n\t\t\t\t\t\t<\/span>\n\t\t<\/div>\n\t\t\t\t\t\t<\/div>\n\t\t\t\t<\/div>\n\t\t\t\t<div class=\"elementor-element elementor-element-92507a2 elementor-widget elementor-widget-image\" data-id=\"92507a2\" data-element_type=\"widget\" data-e-type=\"widget\" data-widget_type=\"image.default\">\n\t\t\t\t<div class=\"elementor-widget-container\">\n\t\t\t\t\t\t\t\t\t\t\t\t\t\t\t<img fetchpriority=\"high\" decoding=\"async\" width=\"1024\" height=\"576\" src=\"https:\/\/mh-systemtechnik.com\/wp-content\/uploads\/2023\/12\/TV-Sat-1024x576.png\" class=\"attachment-large size-large wp-image-138\" alt=\"\" srcset=\"https:\/\/mh-systemtechnik.com\/wp-content\/uploads\/2023\/12\/TV-Sat-1024x576.png 1024w, https:\/\/mh-systemtechnik.com\/wp-content\/uploads\/2023\/12\/TV-Sat-300x169.png 300w, https:\/\/mh-systemtechnik.com\/wp-content\/uploads\/2023\/12\/TV-Sat-768x432.png 768w, https:\/\/mh-systemtechnik.com\/wp-content\/uploads\/2023\/12\/TV-Sat-1536x864.png 1536w, https:\/\/mh-systemtechnik.com\/wp-content\/uploads\/2023\/12\/TV-Sat-800x450.png 800w, https:\/\/mh-systemtechnik.com\/wp-content\/uploads\/2023\/12\/TV-Sat.png 1920w\" sizes=\"(max-width: 1024px) 100vw, 1024px\" \/>\t\t\t\t\t\t\t\t\t\t\t\t\t\t\t<\/div>\n\t\t\t\t<\/div>\n\t\t\t\t<div class=\"elementor-element elementor-element-c5400f1 elementor-widget elementor-widget-text-editor\" data-id=\"c5400f1\" data-element_type=\"widget\" data-e-type=\"widget\" data-widget_type=\"text-editor.default\">\n\t\t\t\t<div class=\"elementor-widget-container\">\n\t\t\t\t\t\t\t\t\t<p>Genie\u00dfen Sie satelliten\u00fcbertragene HD-Sendungen in allen R\u00e4umen Ihres Hauses mit unseren ma\u00dfgeschneiderten L\u00f6sungen. Wir r\u00fcsten Geb\u00e4ude jeder Gr\u00f6\u00dfe mit zukunftssicherer Technik aus. Unsere Kopfstation-Systeme bieten den Vorteil, dass keine weiteren SetTop-Boxen am Fernseher installiert werden m\u00fcssen. Auch Bestandsanlagenerweiterung und St\u00f6rungsbeseitigung \u00fcbernehmen wir gerne.<\/p>\t\t\t\t\t\t\t\t<\/div>\n\t\t\t\t<\/div>\n\t\t\t\t\t<\/div>\n\t\t<\/div>\n\t\t\t\t<div class=\"elementor-column elementor-col-50 elementor-inner-column elementor-element elementor-element-a233785\" data-id=\"a233785\" data-element_type=\"column\" data-e-type=\"column\">\n\t\t\t<div class=\"elementor-widget-wrap elementor-element-populated\">\n\t\t\t\t\t\t<div class=\"elementor-element elementor-element-d61075e elementor-widget elementor-widget-heading\" data-id=\"d61075e\" data-element_type=\"widget\" data-e-type=\"widget\" data-widget_type=\"heading.default\">\n\t\t\t\t<div class=\"elementor-widget-container\">\n\t\t\t\t\t<h2 class=\"elementor-heading-title elementor-size-default\">Telefonanlagen<\/h2>\t\t\t\t<\/div>\n\t\t\t\t<\/div>\n\t\t\t\t<div class=\"elementor-element elementor-element-898eabb elementor-widget-divider--view-line elementor-widget elementor-widget-divider\" data-id=\"898eabb\" data-element_type=\"widget\" data-e-type=\"widget\" data-widget_type=\"divider.default\">\n\t\t\t\t<div class=\"elementor-widget-container\">\n\t\t\t\t\t\t\t<div class=\"elementor-divider\">\n\t\t\t<span class=\"elementor-divider-separator\">\n\t\t\t\t\t\t<\/span>\n\t\t<\/div>\n\t\t\t\t\t\t<\/div>\n\t\t\t\t<\/div>\n\t\t\t\t<div class=\"elementor-element elementor-element-6ae1bd6 elementor-widget elementor-widget-image\" data-id=\"6ae1bd6\" data-element_type=\"widget\" data-e-type=\"widget\" data-widget_type=\"image.default\">\n\t\t\t\t<div class=\"elementor-widget-container\">\n\t\t\t\t\t\t\t\t\t\t\t\t\t\t\t<img decoding=\"async\" width=\"1024\" height=\"576\" src=\"https:\/\/mh-systemtechnik.com\/wp-content\/uploads\/2023\/12\/Telefonanlagen-1024x576.png\" class=\"attachment-large size-large wp-image-139\" alt=\"\" srcset=\"https:\/\/mh-systemtechnik.com\/wp-content\/uploads\/2023\/12\/Telefonanlagen-1024x576.png 1024w, https:\/\/mh-systemtechnik.com\/wp-content\/uploads\/2023\/12\/Telefonanlagen-300x169.png 300w, https:\/\/mh-systemtechnik.com\/wp-content\/uploads\/2023\/12\/Telefonanlagen-768x432.png 768w, https:\/\/mh-systemtechnik.com\/wp-content\/uploads\/2023\/12\/Telefonanlagen-1536x864.png 1536w, https:\/\/mh-systemtechnik.com\/wp-content\/uploads\/2023\/12\/Telefonanlagen-800x450.png 800w, https:\/\/mh-systemtechnik.com\/wp-content\/uploads\/2023\/12\/Telefonanlagen.png 1920w\" sizes=\"(max-width: 1024px) 100vw, 1024px\" \/>\t\t\t\t\t\t\t\t\t\t\t\t\t\t\t<\/div>\n\t\t\t\t<\/div>\n\t\t\t\t<div class=\"elementor-element elementor-element-baa8ebc elementor-widget elementor-widget-text-editor\" data-id=\"baa8ebc\" data-element_type=\"widget\" data-e-type=\"widget\" data-widget_type=\"text-editor.default\">\n\t\t\t\t<div class=\"elementor-widget-container\">\n\t\t\t\t\t\t\t\t\t<p>Eine moderne Telefonanlage ist unerl\u00e4sslich f\u00fcr eine effiziente Kommunikation in Ihrem Unternehmen. Wir bieten eine breite Auswahl an VoIP-Telefonanlagen zum Kauf oder zur Miete an. Profitieren Sie von umfangreichen Leistungsmerkmalen, moderner VoIP-Software und zuverl\u00e4ssigem Datenschutz. Wir unterst\u00fctzen Sie auch bei der Installation, Einrichtung und Konfiguration Ihrer Telefonanlage.<\/p><p>Lassen Sie sich von unserem Team noch heute beraten!<\/p>\t\t\t\t\t\t\t\t<\/div>\n\t\t\t\t<\/div>\n\t\t\t\t\t<\/div>\n\t\t<\/div>\n\t\t\t\t\t<\/div>\n\t\t<\/section>\n\t\t\t\t\t<\/div>\n\t\t<\/div>\n\t\t\t\t\t<\/div>\n\t\t<\/section>\n\t\t\t\t<\/div>\n\t\t","protected":false},"excerpt":{"rendered":"<p>TV-\/ Sat-\/ Telefonanlage Ma\u00dfgeschneiderte L\u00f6sungen M&amp;H Systemtechnik bietet ma\u00dfgeschneiderte L\u00f6sungen f\u00fcr TV-\/SAT-Anlagen und Telefonanlagen. Empfangene Nachricht. Eine m\u00f6gliche Einleitung f\u00fcr diesen Text k\u00f6nnte lauten: &#8222;M&amp;H Systemtechnik bietet ma\u00dfgeschneiderte L\u00f6sungen f\u00fcr TV-\/SAT-Anlagen und Telefonanlagen. TV-\/SAT-Anlagen Genie\u00dfen Sie satelliten\u00fcbertragene HD-Sendungen in allen R\u00e4umen Ihres Hauses mit unseren ma\u00dfgeschneiderten L\u00f6sungen. Wir r\u00fcsten Geb\u00e4ude jeder Gr\u00f6\u00dfe mit zukunftssicherer Technik [&hellip;]<\/p>\n","protected":false},"author":2,"featured_media":0,"parent":0,"menu_order":0,"comment_status":"closed","ping_status":"closed","template":"elementor_header_footer","meta":{"ocean_post_layout":"","ocean_both_sidebars_style":"","ocean_both_sidebars_content_width":0,"ocean_both_sidebars_sidebars_width":0,"ocean_sidebar":"","ocean_second_sidebar":"","ocean_disable_margins":"enable","ocean_add_body_class":"","ocean_shortcode_before_top_bar":"","ocean_shortcode_after_top_bar":"","ocean_shortcode_before_header":"","ocean_shortcode_after_header":"","ocean_has_shortcode":"","ocean_shortcode_after_title":"","ocean_shortcode_before_footer_widgets":"","ocean_shortcode_after_footer_widgets":"","ocean_shortcode_before_footer_bottom":"","ocean_shortcode_after_footer_bottom":"","ocean_display_top_bar":"default","ocean_display_header":"default","ocean_header_style":"","ocean_center_header_left_menu":"","ocean_custom_header_template":"","ocean_custom_logo":0,"ocean_custom_retina_logo":0,"ocean_custom_logo_max_width":0,"ocean_custom_logo_tablet_max_width":0,"ocean_custom_logo_mobile_max_width":0,"ocean_custom_logo_max_height":0,"ocean_custom_logo_tablet_max_height":0,"ocean_custom_logo_mobile_max_height":0,"ocean_header_custom_menu":"","ocean_menu_typo_font_family":"","ocean_menu_typo_font_subset":"","ocean_menu_typo_font_size":0,"ocean_menu_typo_font_size_tablet":0,"ocean_menu_typo_font_size_mobile":0,"ocean_menu_typo_font_size_unit":"px","ocean_menu_typo_font_weight":"","ocean_menu_typo_font_weight_tablet":"","ocean_menu_typo_font_weight_mobile":"","ocean_menu_typo_transform":"","ocean_menu_typo_transform_tablet":"","ocean_menu_typo_transform_mobile":"","ocean_menu_typo_line_height":0,"ocean_menu_typo_line_height_tablet":0,"ocean_menu_typo_line_height_mobile":0,"ocean_menu_typo_line_height_unit":"","ocean_menu_typo_spacing":0,"ocean_menu_typo_spacing_tablet":0,"ocean_menu_typo_spacing_mobile":0,"ocean_menu_typo_spacing_unit":"","ocean_menu_link_color":"","ocean_menu_link_color_hover":"","ocean_menu_link_color_active":"","ocean_menu_link_background":"","ocean_menu_link_hover_background":"","ocean_menu_link_active_background":"","ocean_menu_social_links_bg":"","ocean_menu_social_hover_links_bg":"","ocean_menu_social_links_color":"","ocean_menu_social_hover_links_color":"","ocean_disable_title":"default","ocean_disable_heading":"default","ocean_post_title":"","ocean_post_subheading":"","ocean_post_title_style":"","ocean_post_title_background_color":"","ocean_post_title_background":0,"ocean_post_title_bg_image_position":"","ocean_post_title_bg_image_attachment":"","ocean_post_title_bg_image_repeat":"","ocean_post_title_bg_image_size":"","ocean_post_title_height":0,"ocean_post_title_bg_overlay":0.5,"ocean_post_title_bg_overlay_color":"","ocean_disable_breadcrumbs":"default","ocean_breadcrumbs_color":"","ocean_breadcrumbs_separator_color":"","ocean_breadcrumbs_links_color":"","ocean_breadcrumbs_links_hover_color":"","ocean_display_footer_widgets":"default","ocean_display_footer_bottom":"default","ocean_custom_footer_template":"","footnotes":""},"class_list":["post-132","page","type-page","status-publish","hentry","entry"],"_links":{"self":[{"href":"https:\/\/mh-systemtechnik.com\/index.php\/wp-json\/wp\/v2\/pages\/132","targetHints":{"allow":["GET"]}}],"collection":[{"href":"https:\/\/mh-systemtechnik.com\/index.php\/wp-json\/wp\/v2\/pages"}],"about":[{"href":"https:\/\/mh-systemtechnik.com\/index.php\/wp-json\/wp\/v2\/types\/page"}],"author":[{"embeddable":true,"href":"https:\/\/mh-systemtechnik.com\/index.php\/wp-json\/wp\/v2\/users\/2"}],"replies":[{"embeddable":true,"href":"https:\/\/mh-systemtechnik.com\/index.php\/wp-json\/wp\/v2\/comments?post=132"}],"version-history":[{"count":19,"href":"https:\/\/mh-systemtechnik.com\/index.php\/wp-json\/wp\/v2\/pages\/132\/revisions"}],"predecessor-version":[{"id":541,"href":"https:\/\/mh-systemtechnik.com\/index.php\/wp-json\/wp\/v2\/pages\/132\/revisions\/541"}],"wp:attachment":[{"href":"https:\/\/mh-systemtechnik.com\/index.php\/wp-json\/wp\/v2\/media?parent=132"}],"curies":[{"name":"wp","href":"https:\/\/api.w.org\/{rel}","templated":true}]}}